{"id":112,"date":"2018-11-26T23:45:13","date_gmt":"2018-11-26T22:45:13","guid":{"rendered":"http:\/\/psychomotricite-tours.fr\/?page_id=112"},"modified":"2024-10-16T21:31:29","modified_gmt":"2024-10-16T19:31:29","slug":"pour-qui","status":"publish","type":"page","link":"https:\/\/www.psychomotricite-tours.fr\/?page_id=112","title":{"rendered":"Pour qui?"},"content":{"rendered":"<p>La <a href=\"http:\/\/www.psychomotricite-tours.fr\/?page_id=83\">psychomotricit\u00e9<\/a> concerne tous les \u00e2ges de la vie, du b\u00e9b\u00e9 pr\u00e9matur\u00e9 \u00e0 la personne \u00e2g\u00e9e, de la personne porteuse d&rsquo;un handicap moteur, d&rsquo;un polyhandicap \u00e0 la personne atteinte d&rsquo;une pathologie psychologique mais aussi de\u00a0 la personne malade en curatif comme en soins palliatifs&#8230; <span style=\"color: #ffffff;\">Tours 37000 St cyr sur loire 37540 psychomotricien tours 37,Tours 37000 St cyr sur loire 37540, Tours 37000, Le Mans, Ch\u00e2teau Renault, Ch\u00e2teau la valli\u00e8re, Chanceaux sur choisille, Tours 37100, Monnaie, Ch\u00e2teau du loir, Neuill\u00e9 Pont Pierre , psychomotricienne DE, psychomotricien Tours, psychomotricien 37,Rouziers de Touraine , th\u00e9rapie manuelle osteo somato \u00e9motionnelle, th\u00e9rapeute manuel,\u00a0L\u00e9a Cerveaux\u00a0<br \/><\/span><\/p>\n\n\n<p><\/p>\n","protected":false},"excerpt":{"rendered":"<p>La psychomotricit\u00e9 concerne tous les \u00e2ges de la vie, du b\u00e9b\u00e9 pr\u00e9matur\u00e9 \u00e0 la personne \u00e2g\u00e9e, de la personne porteuse d&rsquo;un handicap moteur, d&rsquo;un polyhandicap \u00e0 la personne atteinte d&rsquo;une pathologie psychologique mais aussi de\u00a0 la personne malade en curatif comme en soins palliatifs&#8230; Tours 37000 St cyr sur loire 37540 psychomotricien tours 37,Tours 37000 &hellip; <\/p>\n<p class=\"link-more\"><a href=\"https:\/\/www.psychomotricite-tours.fr\/?page_id=112\" class=\"more-link\">Continuer la lecture<span class=\"screen-reader-text\"> de &laquo;&nbsp;Pour qui?&nbsp;&raquo;<\/span><\/a><\/p>\n","protected":false},"author":1,"featured_media":0,"parent":19,"menu_order":1,"comment_status":"closed","ping_status":"closed","template":"","meta":{"footnotes":""},"class_list":["post-112","page","type-page","status-publish","hentry"],"_links":{"self":[{"href":"https:\/\/www.psychomotricite-tours.fr\/index.php?rest_route=\/wp\/v2\/pages\/112","targetHints":{"allow":["GET"]}}],"collection":[{"href":"https:\/\/www.psychomotricite-tours.fr\/index.php?rest_route=\/wp\/v2\/pages"}],"about":[{"href":"https:\/\/www.psychomotricite-tours.fr\/index.php?rest_route=\/wp\/v2\/types\/page"}],"author":[{"embeddable":true,"href":"https:\/\/www.psychomotricite-tours.fr\/index.php?rest_route=\/wp\/v2\/users\/1"}],"replies":[{"embeddable":true,"href":"https:\/\/www.psychomotricite-tours.fr\/index.php?rest_route=%2Fwp%2Fv2%2Fcomments&post=112"}],"version-history":[{"count":6,"href":"https:\/\/www.psychomotricite-tours.fr\/index.php?rest_route=\/wp\/v2\/pages\/112\/revisions"}],"predecessor-version":[{"id":637,"href":"https:\/\/www.psychomotricite-tours.fr\/index.php?rest_route=\/wp\/v2\/pages\/112\/revisions\/637"}],"up":[{"embeddable":true,"href":"https:\/\/www.psychomotricite-tours.fr\/index.php?rest_route=\/wp\/v2\/pages\/19"}],"wp:attachment":[{"href":"https:\/\/www.psychomotricite-tours.fr\/index.php?rest_route=%2Fwp%2Fv2%2Fmedia&parent=112"}],"curies":[{"name":"wp","href":"https:\/\/api.w.org\/{rel}","templated":true}]}}