{"id":116,"date":"2018-11-26T23:46:33","date_gmt":"2018-11-26T22:46:33","guid":{"rendered":"http:\/\/psychomotricite-tours.fr\/?page_id=116"},"modified":"2024-10-16T21:26:56","modified_gmt":"2024-10-16T19:26:56","slug":"formation","status":"publish","type":"page","link":"https:\/\/www.psychomotricite-tours.fr\/?page_id=116","title":{"rendered":"Formation"},"content":{"rendered":"<p>La formation de <a href=\"http:\/\/www.psychomotricite-tours.fr\/?page_id=110\">psychomotricien<\/a> s&rsquo;effectue actuellement sur 3 ann\u00e9es post-baccalaur\u00e9at en \u00e9cole de psychomotricit\u00e9. Apr\u00e8s ces 3 ann\u00e9es de formation compl\u00e8tes, est d\u00e9livr\u00e9 le Dipl\u00f4me d&rsquo;Etat (DE) de psychomotricien.<\/p>\n<p>L&rsquo;acc\u00e8s aux \u00e9coles s&rsquo;effectuait, ou sur concours d&rsquo;entr\u00e9e pouvant n\u00e9cessiter une ann\u00e9e de pr\u00e9paration aux concours d&rsquo;entr\u00e9e, ou par la PACES (premi\u00e8re ann\u00e9e commune aux professions de sant\u00e9). D\u00e9sormais, elle s&rsquo;effectue via Parcoursup.<\/p>\n<p>Les titulaires d&rsquo;une licence en psychologie, biologie, STAPS&#8230; peuvent int\u00e9grer la 2e ann\u00e9e de psychomotricit\u00e9 apr\u00e8s examens.<\/p>\n<p>Depuis le 21 Avril et la publication de l\u2019<a href=\"https:\/\/www.legifrance.gouv.fr\/affichTexte.do?cidTexte=JORFTEXT000034449796&amp;dateTexte&amp;categorieLien=id\" target=\"_blank\" rel=\"noopener noreferrer\">Arr\u00eat\u00e9 du 24 Mars 2017<\/a>, le Dipl\u00f4me d\u2019Etat de Psychomotricien permet d\u2019acc\u00e9der \u00e0 la deuxi\u00e8me ann\u00e9e de M\u00e9decine.<\/p>\n<p>Voulu par la\u00a0<a href=\"https:\/\/fedepsychomot.com\/grande-conference-de-sante-11-fevrier-2016\/\">Grande conf\u00e9rence de sant\u00e9<\/a>, ce texte stipule qu\u2019en \u00e9tant titulaire d\u2019un DE de Psychomotricien et justifiant de 2 ann\u00e9e d\u2019exercice \u00e0 temps plein, il est d\u00e9sormais possible d&rsquo;int\u00e9grer les \u00e9tudes de m\u00e9decine, d\u2019ontologie, pharmacie ou de sage femmes sur dossier.<\/p>\n<p>La formation est une formation th\u00e9orico-clinique (psychologie, psychiatrie, anatomie, neurophysiologie, neuroanatomie, psychomotricit\u00e9, &#8230;), et pratique (stages durant les 3 ann\u00e9es, cours de pratique psychomotrice, activit\u00e9s m\u00e9diatrices dont relaxation&#8230;)<\/p>\n<p><span style=\"color: #ffffff;\">Tours 37000, St cyr sur loire 37540, psychomotricienne Tours, psychomotricien 37000, Mettray, Neuill\u00e9 Pont Pierre, Ch\u00e2teau la valli\u00e8re, Chateau Renault, psychomotricien Chanceaux sur Choisille, Tours 37000, Le Mans, Ch\u00e2teau Renault, Ch\u00e2teau la valli\u00e8re, Chanceaux sur choisille, Tours 37100, Monnaie, Ch\u00e2teau du loir, Neuill\u00e9 Pont Pierre L\u00e9a Cerveaux, psychomotricienne DE, psychomotricien Tours, psychomotricien 37, th\u00e9rapie osteo somato \u00e9motionnelle, th\u00e9rapeute manuel<\/span><\/p>\n<p>Liens utiles:<\/p>\n<blockquote class=\"wp-embedded-content\" data-secret=\"hMzGIDomzC\"><p><a href=\"http:\/\/snup.fr\/\">ACCUEIL<\/a><\/p><\/blockquote>\n<p><iframe loading=\"lazy\" class=\"wp-embedded-content\" sandbox=\"allow-scripts\" security=\"restricted\" style=\"position: absolute; visibility: hidden;\" title=\"\u00ab\u00a0ACCUEIL\u00a0\u00bb &#8212; Syndicat National d&#039;Union des Psychomotriciens\" src=\"http:\/\/snup.fr\/embed\/#?secret=hMzGIDomzC\" data-secret=\"hMzGIDomzC\" width=\"525\" height=\"296\" frameborder=\"0\" marginwidth=\"0\" marginheight=\"0\" scrolling=\"no\"><\/iframe><\/p>\n<p><a href=\"https:\/\/fedepsychomot.com\/\">FFP &#8211; F\u00e9d\u00e9ration Fran\u00e7aise des Psychomotriciens (fedepsychomot.com)<\/a><\/p>\n<p>http:\/\/www.anep-asso.fr\/psychomotricite\/<\/p>\n","protected":false},"excerpt":{"rendered":"<p>La formation de psychomotricien s&rsquo;effectue actuellement sur 3 ann\u00e9es post-baccalaur\u00e9at en \u00e9cole de psychomotricit\u00e9. Apr\u00e8s ces 3 ann\u00e9es de formation compl\u00e8tes, est d\u00e9livr\u00e9 le Dipl\u00f4me d&rsquo;Etat (DE) de psychomotricien. L&rsquo;acc\u00e8s aux \u00e9coles s&rsquo;effectuait, ou sur concours d&rsquo;entr\u00e9e pouvant n\u00e9cessiter une ann\u00e9e de pr\u00e9paration aux concours d&rsquo;entr\u00e9e, ou par la PACES (premi\u00e8re ann\u00e9e commune aux professions &hellip; <\/p>\n<p class=\"link-more\"><a href=\"https:\/\/www.psychomotricite-tours.fr\/?page_id=116\" class=\"more-link\">Continuer la lecture<span class=\"screen-reader-text\"> de &laquo;&nbsp;Formation&nbsp;&raquo;<\/span><\/a><\/p>\n","protected":false},"author":1,"featured_media":0,"parent":110,"menu_order":1,"comment_status":"closed","ping_status":"closed","template":"","meta":{"footnotes":""},"class_list":["post-116","page","type-page","status-publish","hentry"],"_links":{"self":[{"href":"https:\/\/www.psychomotricite-tours.fr\/index.php?rest_route=\/wp\/v2\/pages\/116","targetHints":{"allow":["GET"]}}],"collection":[{"href":"https:\/\/www.psychomotricite-tours.fr\/index.php?rest_route=\/wp\/v2\/pages"}],"about":[{"href":"https:\/\/www.psychomotricite-tours.fr\/index.php?rest_route=\/wp\/v2\/types\/page"}],"author":[{"embeddable":true,"href":"https:\/\/www.psychomotricite-tours.fr\/index.php?rest_route=\/wp\/v2\/users\/1"}],"replies":[{"embeddable":true,"href":"https:\/\/www.psychomotricite-tours.fr\/index.php?rest_route=%2Fwp%2Fv2%2Fcomments&post=116"}],"version-history":[{"count":15,"href":"https:\/\/www.psychomotricite-tours.fr\/index.php?rest_route=\/wp\/v2\/pages\/116\/revisions"}],"predecessor-version":[{"id":632,"href":"https:\/\/www.psychomotricite-tours.fr\/index.php?rest_route=\/wp\/v2\/pages\/116\/revisions\/632"}],"up":[{"embeddable":true,"href":"https:\/\/www.psychomotricite-tours.fr\/index.php?rest_route=\/wp\/v2\/pages\/110"}],"wp:attachment":[{"href":"https:\/\/www.psychomotricite-tours.fr\/index.php?rest_route=%2Fwp%2Fv2%2Fmedia&parent=116"}],"curies":[{"name":"wp","href":"https:\/\/api.w.org\/{rel}","templated":true}]}}