{"id":118,"date":"2018-11-26T23:46:56","date_gmt":"2018-11-26T22:46:56","guid":{"rendered":"http:\/\/psychomotricite-tours.fr\/?page_id=118"},"modified":"2024-10-16T21:27:50","modified_gmt":"2024-10-16T19:27:50","slug":"ecoles","status":"publish","type":"page","link":"https:\/\/www.psychomotricite-tours.fr\/?page_id=118","title":{"rendered":"Ecoles"},"content":{"rendered":"<blockquote><p><strong>\u00a014 instituts de psychomotricit\u00e9<\/strong> existent en France et outre-mer:<\/p>\n<ul>\n<li><strong>Bordeaux<\/strong> \u2013 IFP<\/li>\n<li><strong>Hy\u00e8res<\/strong> \u2013 IFPVPS<\/li>\n<li><strong>Lille<\/strong>\u00a0 \u2013 IFP Raymond Leclercq<\/li>\n<li><strong>Lyon<\/strong> \u2013 IFP<\/li>\n<li><strong>Marseille<\/strong> \u2013 ISRP<\/li>\n<li><strong>Meulan les Mureaux<\/strong> \u2013 IFP<\/li>\n<li><strong>Mulhouse<\/strong> \u2013 IIFP<\/li>\n<li><strong>Orl\u00e9ans<\/strong>\u00a0\u2013 IFP <span style=\"color: #ffffff;\">Tours 37000 St Cyr sur loire 37540 psychomotricien tours 37<\/span><\/li>\n<li><strong>Paris<\/strong> \u2013 ISRP<\/li>\n<li><strong>Paris<\/strong> \u2013\u00a0 Piti\u00e9 Salp\u00eatri\u00e8re<\/li>\n<li><strong>R\u00e9union<\/strong> \u2013 IRFP de l\u2019EMAP<\/li>\n<li><strong>Toulouse<\/strong> \u2013 IFP<\/li>\n<li><strong>Rouen <\/strong>\u2013 IFP<\/li>\n<li><strong>Vichy<\/strong> &#8211; ISRP\u00a0 \u00a0 \u00a0 \u00a0 \u00a0 \u00a0 \u00a0 \u00a0 \u00a0 \u00a0 \u00a0 \u00a0 \u00a0 \u00a0 \u00a0 \u00a0 \u00a0 \u00a0 \u00a0 \u00a0 \u00a0 \u00a0 \u00a0 \u00a0 \u00a0 \u00a0 \u00a0 \u00a0 \u00a0 \u00a0 \u00a0 \u00a0 \u00a0 \u00a0 \u00a0 \u00a0 \u00a0 \u00a0 \u00a0 \u00a0 \u00a0 \u00a0 \u00a0 \u00a0 \u00a0 \u00a0 \u00a0 \u00a0 \u00a0 \u00a0 \u00a0 \u00a0 \u00a0 \u00a0 \u00a0 \u00a0 \u00a0 \u00a0 \u00a0 \u00a0 \u00a0 \u00a0 \u00a0 \u00a0 \u00a0 <span style=\"color: #ffffff;\">Tours 37000 St cyr sur loire 37540, Tours 37000, Le Mans, Ch\u00e2teau Renault, Ch\u00e2teau la valli\u00e8re, Chanceaux sur choisille, Tours 37100, Monnaie, Ch\u00e2teau du loir, Neuill\u00e9 Pont Pierre L\u00e9a Cerveaux, psychomotricienne DE, psychomotricien Tours, psychomotricien 37, th\u00e9rapie osteo somato \u00e9motionnelle, th\u00e9rapeute manuel<\/span><\/li>\n<\/ul>\n<\/blockquote>\n","protected":false},"excerpt":{"rendered":"<p>\u00a014 instituts de psychomotricit\u00e9 existent en France et outre-mer: Bordeaux \u2013 IFP Hy\u00e8res \u2013 IFPVPS Lille\u00a0 \u2013 IFP Raymond Leclercq Lyon \u2013 IFP Marseille \u2013 ISRP Meulan les Mureaux \u2013 IFP Mulhouse \u2013 IIFP Orl\u00e9ans\u00a0\u2013 IFP Tours 37000 St Cyr sur loire 37540 psychomotricien tours 37 Paris \u2013 ISRP Paris \u2013\u00a0 Piti\u00e9 Salp\u00eatri\u00e8re R\u00e9union \u2013 &hellip; <\/p>\n<p class=\"link-more\"><a href=\"https:\/\/www.psychomotricite-tours.fr\/?page_id=118\" class=\"more-link\">Continuer la lecture<span class=\"screen-reader-text\"> de &laquo;&nbsp;Ecoles&nbsp;&raquo;<\/span><\/a><\/p>\n","protected":false},"author":1,"featured_media":0,"parent":110,"menu_order":2,"comment_status":"closed","ping_status":"closed","template":"","meta":{"footnotes":""},"class_list":["post-118","page","type-page","status-publish","hentry"],"_links":{"self":[{"href":"https:\/\/www.psychomotricite-tours.fr\/index.php?rest_route=\/wp\/v2\/pages\/118","targetHints":{"allow":["GET"]}}],"collection":[{"href":"https:\/\/www.psychomotricite-tours.fr\/index.php?rest_route=\/wp\/v2\/pages"}],"about":[{"href":"https:\/\/www.psychomotricite-tours.fr\/index.php?rest_route=\/wp\/v2\/types\/page"}],"author":[{"embeddable":true,"href":"https:\/\/www.psychomotricite-tours.fr\/index.php?rest_route=\/wp\/v2\/users\/1"}],"replies":[{"embeddable":true,"href":"https:\/\/www.psychomotricite-tours.fr\/index.php?rest_route=%2Fwp%2Fv2%2Fcomments&post=118"}],"version-history":[{"count":9,"href":"https:\/\/www.psychomotricite-tours.fr\/index.php?rest_route=\/wp\/v2\/pages\/118\/revisions"}],"predecessor-version":[{"id":633,"href":"https:\/\/www.psychomotricite-tours.fr\/index.php?rest_route=\/wp\/v2\/pages\/118\/revisions\/633"}],"up":[{"embeddable":true,"href":"https:\/\/www.psychomotricite-tours.fr\/index.php?rest_route=\/wp\/v2\/pages\/110"}],"wp:attachment":[{"href":"https:\/\/www.psychomotricite-tours.fr\/index.php?rest_route=%2Fwp%2Fv2%2Fmedia&parent=118"}],"curies":[{"name":"wp","href":"https:\/\/api.w.org\/{rel}","templated":true}]}}