{"id":122,"date":"2018-11-26T23:49:12","date_gmt":"2018-11-26T22:49:12","guid":{"rendered":"http:\/\/psychomotricite-tours.fr\/?page_id=122"},"modified":"2018-12-17T23:16:03","modified_gmt":"2018-12-17T22:16:03","slug":"deroulement","status":"publish","type":"page","link":"https:\/\/www.psychomotricite-tours.fr\/?page_id=122","title":{"rendered":"D\u00e9roulement"},"content":{"rendered":"<p>Un accompagnement en psychomotricit\u00e9 n\u00e9cessite une prescription m\u00e9dicale. N&rsquo;oubliez pas de vous munir de l&rsquo;ordonnance lors du rdv de bilan ou lors de la premi\u00e8re s\u00e9ance (si vous \u00eates r\u00e9orient\u00e9 vers un lib\u00e9ral par une institution).<\/p>\n<p>Un accompagnement en <a href=\"http:\/\/www.psychomotricite-tours.fr\/?page_id=83\">psychomotricit\u00e9<\/a> d\u00e9bute par un temps d&rsquo;entretien permettant de cerner la demande et la motivation du patient et\/ou de ses proches. Il permet \u00e9galement de resituer la probl\u00e9matique expos\u00e9e dans un contexte de vie: histoire du sujet, mani\u00e8re dont il vit et per\u00e7oit son corps.<\/p>\n<p>Suite \u00e0 cet entretien, un bilan est r\u00e9alis\u00e9. Le <a href=\"http:\/\/www.psychomotricite-tours.fr\/?page_id=110\">psychomotricien<\/a> dresse l\u2019inventaire des possibilit\u00e9s et difficult\u00e9s du sujet. Pour cela, il utilise diff\u00e9rents tests.<\/p>\n<p>A l\u2019issue de ce bilan, le <a href=\"http:\/\/www.psychomotricite-tours.fr\/?page_id=110\">psychomotricien<\/a> \u00e9labore un <strong>projet th\u00e9rapeutique<\/strong>, en fonction de la demande du m\u00e9decin, des attentes du patient (ou des proches), et des difficult\u00e9s mises \u00e0 jour lors de ce bilan psychomoteur. Le projet comprend les objectifs de travail et les moyens utilis\u00e9s (<a href=\"http:\/\/psychomotricite-tours.fr\/?page_id=130\"><strong>m\u00e9diations<\/strong><\/a>)<\/p>\n<p>Le psychomotricien fixe alors un <strong>cadre de prise en charge<\/strong>\u00a0: la fr\u00e9quence et le temps des s\u00e9ances. Le projet th\u00e9rapeutique est remodel\u00e9 au fil des s\u00e9ances suivant l\u2019\u00e9volution du patient.<\/p>\n<p>La <strong>fin de prise en charge<\/strong> se fait en accord avec le patient, le <a href=\"http:\/\/www.psychomotricite-tours.fr\/?page_id=110\">psychomotricien<\/a> et le m\u00e9decin prescripteur. <span style=\"color: #ffffff;\">psychomotricien psychomotricit\u00e9 <\/span><span style=\"color: #ffffff;\">Tours 37000 St\u00a0 Cyr sur Loire 37540<br \/>\n<\/span><\/p>\n","protected":false},"excerpt":{"rendered":"<p>Un accompagnement en psychomotricit\u00e9 n\u00e9cessite une prescription m\u00e9dicale. N&rsquo;oubliez pas de vous munir de l&rsquo;ordonnance lors du rdv de bilan ou lors de la premi\u00e8re s\u00e9ance (si vous \u00eates r\u00e9orient\u00e9 vers un lib\u00e9ral par une institution). Un accompagnement en psychomotricit\u00e9 d\u00e9bute par un temps d&rsquo;entretien permettant de cerner la demande et la motivation du patient &hellip; <\/p>\n<p class=\"link-more\"><a href=\"https:\/\/www.psychomotricite-tours.fr\/?page_id=122\" class=\"more-link\">Continuer la lecture<span class=\"screen-reader-text\"> de &laquo;&nbsp;D\u00e9roulement&nbsp;&raquo;<\/span><\/a><\/p>\n","protected":false},"author":1,"featured_media":0,"parent":125,"menu_order":2,"comment_status":"closed","ping_status":"closed","template":"","meta":{"footnotes":""},"class_list":["post-122","page","type-page","status-publish","hentry"],"_links":{"self":[{"href":"https:\/\/www.psychomotricite-tours.fr\/index.php?rest_route=\/wp\/v2\/pages\/122","targetHints":{"allow":["GET"]}}],"collection":[{"href":"https:\/\/www.psychomotricite-tours.fr\/index.php?rest_route=\/wp\/v2\/pages"}],"about":[{"href":"https:\/\/www.psychomotricite-tours.fr\/index.php?rest_route=\/wp\/v2\/types\/page"}],"author":[{"embeddable":true,"href":"https:\/\/www.psychomotricite-tours.fr\/index.php?rest_route=\/wp\/v2\/users\/1"}],"replies":[{"embeddable":true,"href":"https:\/\/www.psychomotricite-tours.fr\/index.php?rest_route=%2Fwp%2Fv2%2Fcomments&post=122"}],"version-history":[{"count":7,"href":"https:\/\/www.psychomotricite-tours.fr\/index.php?rest_route=\/wp\/v2\/pages\/122\/revisions"}],"predecessor-version":[{"id":336,"href":"https:\/\/www.psychomotricite-tours.fr\/index.php?rest_route=\/wp\/v2\/pages\/122\/revisions\/336"}],"up":[{"embeddable":true,"href":"https:\/\/www.psychomotricite-tours.fr\/index.php?rest_route=\/wp\/v2\/pages\/125"}],"wp:attachment":[{"href":"https:\/\/www.psychomotricite-tours.fr\/index.php?rest_route=%2Fwp%2Fv2%2Fmedia&parent=122"}],"curies":[{"name":"wp","href":"https:\/\/api.w.org\/{rel}","templated":true}]}}