{"id":130,"date":"2018-11-27T00:01:02","date_gmt":"2018-11-26T23:01:02","guid":{"rendered":"http:\/\/psychomotricite-tours.fr\/?page_id=130"},"modified":"2024-10-16T21:34:36","modified_gmt":"2024-10-16T19:34:36","slug":"les-mediations","status":"publish","type":"page","link":"https:\/\/www.psychomotricite-tours.fr\/?page_id=130","title":{"rendered":"Les m\u00e9diations"},"content":{"rendered":"\n<figure class=\"wp-block-gallery has-nested-images columns-default is-cropped wp-block-gallery-1 is-layout-flex wp-block-gallery-is-layout-flex\">\n<figure class=\"wp-block-image size-large\"><img loading=\"lazy\" decoding=\"async\" width=\"1024\" height=\"576\" data-id=\"543\" src=\"http:\/\/www.psychomotricite-tours.fr\/wp-content\/uploads\/2021\/10\/20210514_120443-1024x576.jpg\" alt=\"\" class=\"wp-image-543\" srcset=\"https:\/\/www.psychomotricite-tours.fr\/wp-content\/uploads\/2021\/10\/20210514_120443-1024x576.jpg 1024w, https:\/\/www.psychomotricite-tours.fr\/wp-content\/uploads\/2021\/10\/20210514_120443-300x169.jpg 300w, https:\/\/www.psychomotricite-tours.fr\/wp-content\/uploads\/2021\/10\/20210514_120443-768x432.jpg 768w, https:\/\/www.psychomotricite-tours.fr\/wp-content\/uploads\/2021\/10\/20210514_120443.jpg 1512w\" sizes=\"auto, (max-width: 767px) 89vw, (max-width: 1000px) 54vw, (max-width: 1071px) 543px, 580px\" \/><\/figure>\n<\/figure>\n\n\n<p>Le psychomotricien travaille avec et par le corps. Il est son principal outils. Il recherche le mouvement \u00e9galement \u00e0 travers divers outils que l&rsquo;on appelle m\u00e9diateur. Ainsi, toute activit\u00e9 mettant en jeu le corps peut \u00eatre utilis\u00e9e comme m\u00e9diations th\u00e9rapeutiques.<\/p>\n<p>Elles sont choisies en fonctions des axes de travail d\u00e9finis, des envies et des capacit\u00e9s du patient, ainsi que des possibilit\u00e9s structurelles (pas de poney ni de piscine dans le cabinet!!!)<\/p>\n<p>Quelques exemples:<\/p>\n<p>Le jeu spontan\u00e9<\/p>\n<p>Les activit\u00e9s manuelles<\/p>\n<p>La relaxation, ou plut\u00f4t les relaxations (relaxation dynamique, relaxation activo-passive, relaxation passive, relaxation par induction verbale type sophrologie)<\/p>\n<p>La danse, la musicoth\u00e9rapie, l&rsquo;art-th\u00e9rapie, le chant, l&rsquo;expression sc\u00e9nique, le mime<\/p>\n<p>Les arts martiaux, le Tai-Chi, le Qi-gong, le yoga<\/p>\n<p>Le toucher th\u00e9rapeutique (massage, effleurage&#8230;)<\/p>\n<p>La m\u00e9diation animale (\u00e9quith\u00e9rapie, th\u00e9rapie psychomotrice avec le cheval, zooth\u00e9rapie)<\/p>\n<p>Chaque psychomotricien, de part son influence personnelle, ses affinit\u00e9s de pratique, peut proposer diverses m\u00e9diations adapt\u00e9es \u00e0 la\/aux probl\u00e9matique(s) rencontr\u00e9e(s).<\/p>\n<p><span style=\"color: #ffffff;\">Tours 37000 St cyr sur loire 37540<\/span><\/p>\n\n\n<figure class=\"wp-block-gallery has-nested-images columns-default is-cropped wp-block-gallery-2 is-layout-flex wp-block-gallery-is-layout-flex\">\n<figure class=\"wp-block-image size-large\"><img loading=\"lazy\" decoding=\"async\" width=\"660\" height=\"933\" data-id=\"452\" src=\"http:\/\/www.psychomotricite-tours.fr\/wp-content\/uploads\/2020\/06\/BDP_Ep3_Page01-660px-1.jpg\" alt=\"\" class=\"wp-image-452\" srcset=\"https:\/\/www.psychomotricite-tours.fr\/wp-content\/uploads\/2020\/06\/BDP_Ep3_Page01-660px-1.jpg 660w, https:\/\/www.psychomotricite-tours.fr\/wp-content\/uploads\/2020\/06\/BDP_Ep3_Page01-660px-1-212x300.jpg 212w\" sizes=\"auto, (max-width: 660px) 100vw, 660px\" \/><\/figure>\n\n\n\n<figure class=\"wp-block-image size-large\"><img loading=\"lazy\" decoding=\"async\" width=\"660\" height=\"933\" data-id=\"453\" src=\"http:\/\/www.psychomotricite-tours.fr\/wp-content\/uploads\/2020\/06\/BDP_Ep3_Page02-02-660px.jpg\" alt=\"\" class=\"wp-image-453\" srcset=\"https:\/\/www.psychomotricite-tours.fr\/wp-content\/uploads\/2020\/06\/BDP_Ep3_Page02-02-660px.jpg 660w, https:\/\/www.psychomotricite-tours.fr\/wp-content\/uploads\/2020\/06\/BDP_Ep3_Page02-02-660px-212x300.jpg 212w\" sizes=\"auto, (max-width: 660px) 100vw, 660px\" \/><\/figure>\n\n\n\n<figure class=\"wp-block-image size-large\"><img loading=\"lazy\" decoding=\"async\" width=\"660\" height=\"921\" data-id=\"454\" src=\"http:\/\/www.psychomotricite-tours.fr\/wp-content\/uploads\/2020\/06\/BDP_Ep3_Page03-02-660px.jpg\" alt=\"\" class=\"wp-image-454\" srcset=\"https:\/\/www.psychomotricite-tours.fr\/wp-content\/uploads\/2020\/06\/BDP_Ep3_Page03-02-660px.jpg 660w, https:\/\/www.psychomotricite-tours.fr\/wp-content\/uploads\/2020\/06\/BDP_Ep3_Page03-02-660px-215x300.jpg 215w\" sizes=\"auto, (max-width: 660px) 100vw, 660px\" \/><\/figure>\n\n\n\n<figure class=\"wp-block-image size-large\"><img loading=\"lazy\" decoding=\"async\" width=\"660\" height=\"918\" data-id=\"455\" src=\"http:\/\/www.psychomotricite-tours.fr\/wp-content\/uploads\/2020\/06\/BDP_Ep3_Page04-03-660px.jpg\" alt=\"\" class=\"wp-image-455\" srcset=\"https:\/\/www.psychomotricite-tours.fr\/wp-content\/uploads\/2020\/06\/BDP_Ep3_Page04-03-660px.jpg 660w, https:\/\/www.psychomotricite-tours.fr\/wp-content\/uploads\/2020\/06\/BDP_Ep3_Page04-03-660px-216x300.jpg 216w\" sizes=\"auto, (max-width: 660px) 100vw, 660px\" \/><\/figure>\n\n\n\n<figure class=\"wp-block-image size-large\"><img loading=\"lazy\" decoding=\"async\" width=\"660\" height=\"734\" data-id=\"456\" src=\"http:\/\/www.psychomotricite-tours.fr\/wp-content\/uploads\/2020\/06\/BDP_Ep3_Page05-660px.jpg\" alt=\"\" class=\"wp-image-456\" srcset=\"https:\/\/www.psychomotricite-tours.fr\/wp-content\/uploads\/2020\/06\/BDP_Ep3_Page05-660px.jpg 660w, https:\/\/www.psychomotricite-tours.fr\/wp-content\/uploads\/2020\/06\/BDP_Ep3_Page05-660px-270x300.jpg 270w\" sizes=\"auto, (max-width: 660px) 100vw, 660px\" \/><\/figure>\n<\/figure>\n\n\n\n<p>Merci Le Pueblo pour ces illustrations toujours aussi parlantes!<\/p>\n\n\n\n<p><a href=\"https:\/\/lepueblo.blogspot.com\/2019\/09\/bd-psychomot-mediations-jeu-decret.html\">https:\/\/lepueblo.blogspot.com\/2019\/09\/bd-psychomot-mediations-jeu-decret.html<\/a><\/p>\n\n\n\n<figure class=\"wp-block-image size-large is-style-rounded\"><img loading=\"lazy\" decoding=\"async\" width=\"576\" height=\"1024\" src=\"http:\/\/www.psychomotricite-tours.fr\/wp-content\/uploads\/2021\/10\/20210514_120150-576x1024.jpg\" alt=\"\" class=\"wp-image-536\" srcset=\"https:\/\/www.psychomotricite-tours.fr\/wp-content\/uploads\/2021\/10\/20210514_120150-576x1024.jpg 576w, https:\/\/www.psychomotricite-tours.fr\/wp-content\/uploads\/2021\/10\/20210514_120150-169x300.jpg 169w, https:\/\/www.psychomotricite-tours.fr\/wp-content\/uploads\/2021\/10\/20210514_120150-768x1365.jpg 768w, https:\/\/www.psychomotricite-tours.fr\/wp-content\/uploads\/2021\/10\/20210514_120150-864x1536.jpg 864w, https:\/\/www.psychomotricite-tours.fr\/wp-content\/uploads\/2021\/10\/20210514_120150-1152x2048.jpg 1152w, https:\/\/www.psychomotricite-tours.fr\/wp-content\/uploads\/2021\/10\/20210514_120150-rotated.jpg 1195w\" sizes=\"auto, (max-width: 576px) 100vw, 576px\" \/><figcaption>relaxation activo-passive\/ par mobilisation<\/figcaption><\/figure>\n\n\n\n<figure class=\"wp-block-image size-large is-style-rounded\"><img loading=\"lazy\" decoding=\"async\" width=\"576\" height=\"1024\" src=\"http:\/\/www.psychomotricite-tours.fr\/wp-content\/uploads\/2021\/10\/20210514_115109-1-576x1024.jpg\" alt=\"\" class=\"wp-image-574\" srcset=\"https:\/\/www.psychomotricite-tours.fr\/wp-content\/uploads\/2021\/10\/20210514_115109-1-576x1024.jpg 576w, https:\/\/www.psychomotricite-tours.fr\/wp-content\/uploads\/2021\/10\/20210514_115109-1-169x300.jpg 169w, https:\/\/www.psychomotricite-tours.fr\/wp-content\/uploads\/2021\/10\/20210514_115109-1-768x1365.jpg 768w, https:\/\/www.psychomotricite-tours.fr\/wp-content\/uploads\/2021\/10\/20210514_115109-1-864x1536.jpg 864w, https:\/\/www.psychomotricite-tours.fr\/wp-content\/uploads\/2021\/10\/20210514_115109-1.jpg 1074w\" sizes=\"auto, (max-width: 576px) 100vw, 576px\" \/><figcaption>parcours psychomoteur<\/figcaption><\/figure>\n\n\n\n<figure class=\"wp-block-image size-large is-style-rounded\"><img loading=\"lazy\" decoding=\"async\" width=\"576\" height=\"1024\" src=\"http:\/\/www.psychomotricite-tours.fr\/wp-content\/uploads\/2021\/10\/20210514_120047-576x1024.jpg\" alt=\"\" class=\"wp-image-535\" srcset=\"https:\/\/www.psychomotricite-tours.fr\/wp-content\/uploads\/2021\/10\/20210514_120047-576x1024.jpg 576w, https:\/\/www.psychomotricite-tours.fr\/wp-content\/uploads\/2021\/10\/20210514_120047-169x300.jpg 169w, https:\/\/www.psychomotricite-tours.fr\/wp-content\/uploads\/2021\/10\/20210514_120047-768x1365.jpg 768w, https:\/\/www.psychomotricite-tours.fr\/wp-content\/uploads\/2021\/10\/20210514_120047-864x1536.jpg 864w, https:\/\/www.psychomotricite-tours.fr\/wp-content\/uploads\/2021\/10\/20210514_120047-1152x2048.jpg 1152w, https:\/\/www.psychomotricite-tours.fr\/wp-content\/uploads\/2021\/10\/20210514_120047-scaled.jpg 1440w\" sizes=\"auto, (max-width: 576px) 100vw, 576px\" \/><figcaption>travail graphomoteur<\/figcaption><\/figure>\n\n\n\n<figure class=\"wp-block-image size-large is-style-rounded\"><img loading=\"lazy\" decoding=\"async\" width=\"576\" height=\"1024\" src=\"http:\/\/www.psychomotricite-tours.fr\/wp-content\/uploads\/2021\/10\/20210514_114930-1-576x1024.jpg\" alt=\"\" class=\"wp-image-573\" srcset=\"https:\/\/www.psychomotricite-tours.fr\/wp-content\/uploads\/2021\/10\/20210514_114930-1-576x1024.jpg 576w, https:\/\/www.psychomotricite-tours.fr\/wp-content\/uploads\/2021\/10\/20210514_114930-1-169x300.jpg 169w, https:\/\/www.psychomotricite-tours.fr\/wp-content\/uploads\/2021\/10\/20210514_114930-1-768x1365.jpg 768w, https:\/\/www.psychomotricite-tours.fr\/wp-content\/uploads\/2021\/10\/20210514_114930-1-864x1536.jpg 864w, https:\/\/www.psychomotricite-tours.fr\/wp-content\/uploads\/2021\/10\/20210514_114930-1-1152x2048.jpg 1152w, https:\/\/www.psychomotricite-tours.fr\/wp-content\/uploads\/2021\/10\/20210514_114930-1.jpg 1238w\" sizes=\"auto, (max-width: 576px) 100vw, 576px\" \/><figcaption>Jeux de ballon<\/figcaption><\/figure>\n\n\n\n<div class=\"wp-block-columns is-layout-flex wp-container-core-columns-is-layout-9d6595d7 wp-block-columns-is-layout-flex\">\n<div class=\"wp-block-column is-layout-flow wp-block-column-is-layout-flow\" style=\"flex-basis:100%\">\n<figure class=\"wp-block-image size-large is-resized\"><img loading=\"lazy\" decoding=\"async\" src=\"http:\/\/www.psychomotricite-tours.fr\/wp-content\/uploads\/2021\/10\/20210514_115512-576x1024.jpg\" alt=\"\" class=\"wp-image-531\" width=\"252\" height=\"448\" srcset=\"https:\/\/www.psychomotricite-tours.fr\/wp-content\/uploads\/2021\/10\/20210514_115512-576x1024.jpg 576w, https:\/\/www.psychomotricite-tours.fr\/wp-content\/uploads\/2021\/10\/20210514_115512-169x300.jpg 169w, https:\/\/www.psychomotricite-tours.fr\/wp-content\/uploads\/2021\/10\/20210514_115512-768x1366.jpg 768w, https:\/\/www.psychomotricite-tours.fr\/wp-content\/uploads\/2021\/10\/20210514_115512-864x1536.jpg 864w, https:\/\/www.psychomotricite-tours.fr\/wp-content\/uploads\/2021\/10\/20210514_115512-1151x2048.jpg 1151w, https:\/\/www.psychomotricite-tours.fr\/wp-content\/uploads\/2021\/10\/20210514_115512-rotated.jpg 1242w\" sizes=\"auto, (max-width: 252px) 100vw, 252px\" \/><figcaption>Jeux de motricit\u00e9 fine<\/figcaption><\/figure>\n<\/div>\n<\/div>\n\n\n\n<figure class=\"wp-block-image size-large is-resized\"><img loading=\"lazy\" decoding=\"async\" src=\"http:\/\/www.psychomotricite-tours.fr\/wp-content\/uploads\/2021\/10\/20210514_115636-576x1024.jpg\" alt=\"\" class=\"wp-image-532\" width=\"268\" height=\"476\" srcset=\"https:\/\/www.psychomotricite-tours.fr\/wp-content\/uploads\/2021\/10\/20210514_115636-576x1024.jpg 576w, https:\/\/www.psychomotricite-tours.fr\/wp-content\/uploads\/2021\/10\/20210514_115636-169x300.jpg 169w, https:\/\/www.psychomotricite-tours.fr\/wp-content\/uploads\/2021\/10\/20210514_115636-768x1365.jpg 768w, https:\/\/www.psychomotricite-tours.fr\/wp-content\/uploads\/2021\/10\/20210514_115636-864x1536.jpg 864w, https:\/\/www.psychomotricite-tours.fr\/wp-content\/uploads\/2021\/10\/20210514_115636-rotated.jpg 975w\" sizes=\"auto, (max-width: 268px) 100vw, 268px\" \/><\/figure>\n\n\n\n<figure class=\"wp-block-image size-large\"><img loading=\"lazy\" decoding=\"async\" width=\"1024\" height=\"576\" src=\"http:\/\/www.psychomotricite-tours.fr\/wp-content\/uploads\/2021\/10\/20210514_120409-1024x576.jpg\" alt=\"\" class=\"wp-image-542\" srcset=\"https:\/\/www.psychomotricite-tours.fr\/wp-content\/uploads\/2021\/10\/20210514_120409-1024x576.jpg 1024w, https:\/\/www.psychomotricite-tours.fr\/wp-content\/uploads\/2021\/10\/20210514_120409-300x169.jpg 300w, https:\/\/www.psychomotricite-tours.fr\/wp-content\/uploads\/2021\/10\/20210514_120409-768x432.jpg 768w, https:\/\/www.psychomotricite-tours.fr\/wp-content\/uploads\/2021\/10\/20210514_120409-1536x864.jpg 1536w, https:\/\/www.psychomotricite-tours.fr\/wp-content\/uploads\/2021\/10\/20210514_120409.jpg 1796w\" sizes=\"auto, (max-width: 767px) 89vw, (max-width: 1000px) 54vw, (max-width: 1071px) 543px, 580px\" \/><figcaption>conscience corporelle<\/figcaption><\/figure>\n\n\n\n<p class=\"has-white-color has-text-color\">Tours 37000 St cyr sur loire 37540, Tours 37000, Le Mans, Ch\u00e2teau Renault, Ch\u00e2teau la valli\u00e8re, Chanceaux sur choisille, Tours 37100, Monnaie, Ch\u00e2teau du loir, Neuill\u00e9 Pont Pierre , psychomotricienne DE, psychomotricien Tours, psychomotricien 37, Rouziers de Touraine , th\u00e9rapie manuelle osteo somato \u00e9motionnelle, th\u00e9rapeute manuel,\u00a0L\u00e9a Cerveaux<\/p>\n","protected":false},"excerpt":{"rendered":"<p>Le psychomotricien travaille avec et par le corps. Il est son principal outils. Il recherche le mouvement \u00e9galement \u00e0 travers divers outils que l&rsquo;on appelle m\u00e9diateur. Ainsi, toute activit\u00e9 mettant en jeu le corps peut \u00eatre utilis\u00e9e comme m\u00e9diations th\u00e9rapeutiques. Elles sont choisies en fonctions des axes de travail d\u00e9finis, des envies et des capacit\u00e9s &hellip; <\/p>\n<p class=\"link-more\"><a href=\"https:\/\/www.psychomotricite-tours.fr\/?page_id=130\" class=\"more-link\">Continuer la lecture<span class=\"screen-reader-text\"> de &laquo;&nbsp;Les m\u00e9diations&nbsp;&raquo;<\/span><\/a><\/p>\n","protected":false},"author":1,"featured_media":0,"parent":83,"menu_order":2,"comment_status":"closed","ping_status":"closed","template":"","meta":{"footnotes":""},"class_list":["post-130","page","type-page","status-publish","hentry"],"_links":{"self":[{"href":"https:\/\/www.psychomotricite-tours.fr\/index.php?rest_route=\/wp\/v2\/pages\/130","targetHints":{"allow":["GET"]}}],"collection":[{"href":"https:\/\/www.psychomotricite-tours.fr\/index.php?rest_route=\/wp\/v2\/pages"}],"about":[{"href":"https:\/\/www.psychomotricite-tours.fr\/index.php?rest_route=\/wp\/v2\/types\/page"}],"author":[{"embeddable":true,"href":"https:\/\/www.psychomotricite-tours.fr\/index.php?rest_route=\/wp\/v2\/users\/1"}],"replies":[{"embeddable":true,"href":"https:\/\/www.psychomotricite-tours.fr\/index.php?rest_route=%2Fwp%2Fv2%2Fcomments&post=130"}],"version-history":[{"count":14,"href":"https:\/\/www.psychomotricite-tours.fr\/index.php?rest_route=\/wp\/v2\/pages\/130\/revisions"}],"predecessor-version":[{"id":640,"href":"https:\/\/www.psychomotricite-tours.fr\/index.php?rest_route=\/wp\/v2\/pages\/130\/revisions\/640"}],"up":[{"embeddable":true,"href":"https:\/\/www.psychomotricite-tours.fr\/index.php?rest_route=\/wp\/v2\/pages\/83"}],"wp:attachment":[{"href":"https:\/\/www.psychomotricite-tours.fr\/index.php?rest_route=%2Fwp%2Fv2%2Fmedia&parent=130"}],"curies":[{"name":"wp","href":"https:\/\/api.w.org\/{rel}","templated":true}]}}