{"id":83,"date":"2018-11-26T00:32:43","date_gmt":"2018-11-25T23:32:43","guid":{"rendered":"http:\/\/psychomotricite-tours.fr\/?page_id=83"},"modified":"2024-10-16T21:29:23","modified_gmt":"2024-10-16T19:29:23","slug":"quest-ce-que-la-psychomotricite","status":"publish","type":"page","link":"https:\/\/www.psychomotricite-tours.fr\/?page_id=83","title":{"rendered":"Vous avez dit psychomotricit\u00e9?"},"content":{"rendered":"<p>La <strong class=\"lien_gloss\">psychomotricit\u00e9<\/strong> est une sp\u00e9cialit\u00e9 du <strong> <span class=\"lien_gloss\">d\u00e9veloppement<\/span><\/strong> <span class=\"lien_gloss\"><strong>global<\/strong><\/span> de la personne. Elle vise l&rsquo;harmonie de l\u2019ensemble des comportements moteurs envisag\u00e9s en fonction de leurs liens avec l\u2019activit\u00e9 c\u00e9r\u00e9brale, la vie psychique, affective, intellectuelle et relationnelle \u00e0 tous les \u00e2ges de la vie. Le th\u00e9rapeute \u00e9tudie et traite les conduites motrices inad\u00e9quates ou inadapt\u00e9es \u00e0 diverses situations. Elle couvre un large champ d\u2019action clinique&nbsp; : <strong>\u00c9ducation, R\u00e9\u00e9ducation, <span class=\"lien_gloss\">Th\u00e9rapie Psychomotrice<\/span>, <\/strong>et de sp\u00e9cialisations<strong>: <span class=\"lien_gloss\">Relaxations<\/span>, <span class=\"lien_gloss\">Psychoth\u00e9rapie \u00e0 m\u00e9diation Corporelle<\/span>, <span class=\"lien_gloss\">Graphoth\u00e9rapie<\/span>, Art-th\u00e9rapie, Musicoth\u00e9rapie&#8230;<\/strong><\/p>\n<p>Le d\u00e9veloppement psychomoteur puis l\u2019\u00e9volution psychomotrice de l\u2019\u00eatre humain sont d\u00e9terminants et remani\u00e9s tout au long de sa vie. Les interactions psychologiques, perceptives et motrices de l\u2019individu avec son milieu de vie constituent sa psychomotricit\u00e9. Son alt\u00e9ration s\u2019exprime sous la forme de <a href=\"http:\/\/www.psychomotricite-tours.fr\/?page_id=114\"><strong>troubles psychomoteurs<\/strong><\/a>. Ceux-ci r\u00e9pondent \u00e0 des causes biologique, h\u00e9r\u00e9ditaire, psychologique et\/ou psychosociale.<\/p>\n<p>Le travail du <a href=\"http:\/\/www.psychomotricite-tours.fr\/?page_id=110\">psychomotricien<\/a> consiste, au moyen de&nbsp; <a href=\"http:\/\/psychomotricite-tours.fr\/?page_id=130\"><strong>m\u00e9diations<\/strong><\/a>, \u00e0 \u00e9valuer, am\u00e9liorer et restaurer l\u2019adaptation psychologique, perceptive et motrice de l\u2019individu \u00e0 son milieu de vie. <span style=\"color: #ffffff;\">Tours 37000 St cyr sur loire 37540&nbsp; psychomotricien<br>\n<\/span><\/p>\n\n\n<figure class=\"wp-block-gallery has-nested-images columns-default is-cropped wp-block-gallery-1 is-layout-flex wp-block-gallery-is-layout-flex\">\n<figure class=\"wp-block-image size-large\"><img loading=\"lazy\" decoding=\"async\" width=\"485\" height=\"1024\" data-id=\"462\" src=\"http:\/\/www.psychomotricite-tours.fr\/wp-content\/uploads\/2020\/06\/BDP_Ep1_export03_01_SD-1-485x1024.jpg\" alt=\"\" class=\"wp-image-462\" srcset=\"https:\/\/www.psychomotricite-tours.fr\/wp-content\/uploads\/2020\/06\/BDP_Ep1_export03_01_SD-1-485x1024.jpg 485w, https:\/\/www.psychomotricite-tours.fr\/wp-content\/uploads\/2020\/06\/BDP_Ep1_export03_01_SD-1-142x300.jpg 142w, https:\/\/www.psychomotricite-tours.fr\/wp-content\/uploads\/2020\/06\/BDP_Ep1_export03_01_SD-1.jpg 600w\" sizes=\"auto, (max-width: 485px) 100vw, 485px\" \/><\/figure>\n\n\n\n<figure class=\"wp-block-image size-large\"><img loading=\"lazy\" decoding=\"async\" width=\"359\" height=\"1024\" data-id=\"463\" src=\"http:\/\/www.psychomotricite-tours.fr\/wp-content\/uploads\/2020\/06\/BDP_Ep1_export03_02_SD-359x1024.jpg\" alt=\"\" class=\"wp-image-463\" srcset=\"https:\/\/www.psychomotricite-tours.fr\/wp-content\/uploads\/2020\/06\/BDP_Ep1_export03_02_SD-359x1024.jpg 359w, https:\/\/www.psychomotricite-tours.fr\/wp-content\/uploads\/2020\/06\/BDP_Ep1_export03_02_SD-105x300.jpg 105w, https:\/\/www.psychomotricite-tours.fr\/wp-content\/uploads\/2020\/06\/BDP_Ep1_export03_02_SD-539x1536.jpg 539w, https:\/\/www.psychomotricite-tours.fr\/wp-content\/uploads\/2020\/06\/BDP_Ep1_export03_02_SD.jpg 561w\" sizes=\"auto, (max-width: 359px) 100vw, 359px\" \/><\/figure>\n<\/figure>\n\n\n\n<p class=\"has-pale-cyan-blue-color has-pale-cyan-blue-background-color has-text-color has-background\">Psychomotricit\u00e9, psychomotricien 37, m\u00e9tier de psychomotricien, Mettray, St Cyr sur loire, Neuill\u00e9 Pont Pierre, Tours, 37000, Ch\u00e2teau la Valli\u00e8re, Ch\u00e2teau Renault, Monnaie, Chanceaux sur Choisille, Notre Dame d&rsquo;O\u00e9, Tours 37000 St cyr sur loire 37540, Tours 37000, Le Mans, Ch\u00e2teau Renault, Ch\u00e2teau la valli\u00e8re, Chanceaux sur choisille, Tours 37100, Monnaie, Ch\u00e2teau du loir, Neuill\u00e9 Pont Pierre,  psychomotricienne DE, psychomotricien Tours, psychomotricien 37, Rouziers de Touraine , th\u00e9rapie manuelle osteo somato \u00e9motionnelle, th\u00e9rapeute manuel,\u00a0L\u00e9a Cerveaux<\/p>\n","protected":false},"excerpt":{"rendered":"<p>La psychomotricit\u00e9 est une sp\u00e9cialit\u00e9 du d\u00e9veloppement global de la personne. Elle vise l&rsquo;harmonie de l\u2019ensemble des comportements moteurs envisag\u00e9s en fonction de leurs liens avec l\u2019activit\u00e9 c\u00e9r\u00e9brale, la vie psychique, affective, intellectuelle et relationnelle \u00e0 tous les \u00e2ges de la vie. Le th\u00e9rapeute \u00e9tudie et traite les conduites motrices inad\u00e9quates ou inadapt\u00e9es \u00e0 diverses &hellip; <\/p>\n<p class=\"link-more\"><a href=\"https:\/\/www.psychomotricite-tours.fr\/?page_id=83\" class=\"more-link\">Continuer la lecture<span class=\"screen-reader-text\"> de &laquo;&nbsp;Vous avez dit psychomotricit\u00e9?&nbsp;&raquo;<\/span><\/a><\/p>\n","protected":false},"author":1,"featured_media":0,"parent":0,"menu_order":3,"comment_status":"closed","ping_status":"closed","template":"","meta":{"footnotes":""},"class_list":["post-83","page","type-page","status-publish","hentry"],"_links":{"self":[{"href":"https:\/\/www.psychomotricite-tours.fr\/index.php?rest_route=\/wp\/v2\/pages\/83","targetHints":{"allow":["GET"]}}],"collection":[{"href":"https:\/\/www.psychomotricite-tours.fr\/index.php?rest_route=\/wp\/v2\/pages"}],"about":[{"href":"https:\/\/www.psychomotricite-tours.fr\/index.php?rest_route=\/wp\/v2\/types\/page"}],"author":[{"embeddable":true,"href":"https:\/\/www.psychomotricite-tours.fr\/index.php?rest_route=\/wp\/v2\/users\/1"}],"replies":[{"embeddable":true,"href":"https:\/\/www.psychomotricite-tours.fr\/index.php?rest_route=%2Fwp%2Fv2%2Fcomments&post=83"}],"version-history":[{"count":14,"href":"https:\/\/www.psychomotricite-tours.fr\/index.php?rest_route=\/wp\/v2\/pages\/83\/revisions"}],"predecessor-version":[{"id":635,"href":"https:\/\/www.psychomotricite-tours.fr\/index.php?rest_route=\/wp\/v2\/pages\/83\/revisions\/635"}],"wp:attachment":[{"href":"https:\/\/www.psychomotricite-tours.fr\/index.php?rest_route=%2Fwp%2Fv2%2Fmedia&parent=83"}],"curies":[{"name":"wp","href":"https:\/\/api.w.org\/{rel}","templated":true}]}}